{"id":414,"date":"2019-07-04T14:16:37","date_gmt":"2019-07-04T12:16:37","guid":{"rendered":"https:\/\/www.multisac.fr\/qualite\/"},"modified":"2020-02-13T17:43:20","modified_gmt":"2020-02-13T16:43:20","slug":"qualite","status":"publish","type":"page","link":"https:\/\/www.multisac.fr\/en\/qualite\/","title":{"rendered":"Quality"},"content":{"rendered":"<div id=\"pl-414\"  class=\"panel-layout\" ><div id=\"pg-414-0\"  class=\"panel-grid panel-has-style\" ><div class=\"container_page  panel-row-style panel-row-style-for-414-0\" ><div id=\"pgc-414-0-0\"  class=\"panel-grid-cell\" ><div id=\"panel-414-0-0-0\" class=\"so-panel widget widget_sow-editor panel-first-child\" data-index=\"0\" ><div class=\"en_savoir_plus panel-widget-style panel-widget-style-for-414-0-0-0\" ><div\n\t\t\t\n\t\t\tclass=\"so-widget-sow-editor so-widget-sow-editor-base\"\n\t\t\t\n\t\t>\n<div class=\"siteorigin-widget-tinymce textwidget\">\n\t<h2>Quality<\/h2>\n<p>Films are inspected by us upon their reception and then throughout all printing and transformation operations, thus guaranteeing food packaging is healthy and safe and complies with regulations and food safety standards.<br \/>\n&nbsp;<\/p>\n<h2> Environment <\/h2>\n<p>The reduction of MULTISAC's environmental impact has been valued since 2013 by obtaining the IMPRIM\u2019VERT label, a benchmark in the printing industry.<br \/>\n<a class=\"lien\" href=\"http:\/\/www.imprimvert.fr\/page\/91\/8\/Infographies-Imprim-Vert\" target=\"_blank\" rel=\"noopener\"><img loading=\"lazy\" decoding=\"async\" class=\"alignnone size-medium wp-image-527\" src=\"https:\/\/www.multisac.fr\/wp-content\/uploads\/2020\/02\/Logo_non-mille\u0301sime\u0301_cls-300x300.jpeg\" alt=\"\" width=\"300\" height=\"300\" srcset=\"https:\/\/www.multisac.fr\/wp-content\/uploads\/2020\/02\/Logo_non-mille\u0301sime\u0301_cls-300x300.jpeg 300w, https:\/\/www.multisac.fr\/wp-content\/uploads\/2020\/02\/Logo_non-mille\u0301sime\u0301_cls-150x150.jpeg 150w, https:\/\/www.multisac.fr\/wp-content\/uploads\/2020\/02\/Logo_non-mille\u0301sime\u0301_cls.jpeg 481w\" sizes=\"(max-width: 300px) 100vw, 300px\" \/><\/a><img loading=\"lazy\" decoding=\"async\" class=\"p-3 alignnone wp-image-525 size-medium\" src=\"https:\/\/www.multisac.fr\/wp-content\/uploads\/2020\/02\/BRC_Logo-b-300x226.jpeg\" alt=\"\" width=\"300\" height=\"226\" srcset=\"https:\/\/www.multisac.fr\/wp-content\/uploads\/2020\/02\/BRC_Logo-b-300x226.jpeg 300w, https:\/\/www.multisac.fr\/wp-content\/uploads\/2020\/02\/BRC_Logo-b.jpeg 636w\" sizes=\"(max-width: 300px) 100vw, 300px\" \/><img loading=\"lazy\" decoding=\"async\" class=\"alignnone size-full wp-image-277\" src=\"http:\/\/www.multisac.fr\/wp-content\/uploads\/2019\/07\/logo-2-multisac.jpg\" alt=\"\" width=\"200\" height=\"200\" srcset=\"https:\/\/www.multisac.fr\/wp-content\/uploads\/2019\/07\/logo-2-multisac.jpg 200w, https:\/\/www.multisac.fr\/wp-content\/uploads\/2019\/07\/logo-2-multisac-150x150.jpg 150w\" sizes=\"(max-width: 200px) 100vw, 200px\" \/><\/p>\n<\/div>\n<\/div><\/div><\/div><div id=\"panel-414-0-0-1\" class=\"so-panel widget widget_sow-editor panel-last-child\" data-index=\"1\" ><div\n\t\t\t\n\t\t\tclass=\"so-widget-sow-editor so-widget-sow-editor-base\"\n\t\t\t\n\t\t>\n<div class=\"siteorigin-widget-tinymce textwidget\">\n\t<div class='white' style='background:rgba(255, 255, 255, 0); border:solid 0px rgba(255, 255, 255, 0); border-radius:0px; padding:8px 8px 8px 8px;'>\n<div id='sample_slider' class='owl-carousel sa_owl_theme ' data-slider-id='sample_slider' style='visibility:hidden;'>\n<div id='sample_slider_slide04' class='sa_hover_container' style='padding:5% 5%; margin:0px 2%; background-image:url(&quot;https:\/\/www.multisac.fr\/wp-content\/uploads\/2019\/07\/1F1A1702.jpg&quot;); background-position:center center; background-size:cover; background-repeat:no-repeat; '><\/div>\n<div id='sample_slider_slide03' class='sa_hover_container' style='padding:5% 5%; margin:0px 2%; background-image:url(&quot;https:\/\/www.multisac.fr\/wp-content\/uploads\/2019\/07\/1F1A1752.jpg&quot;); background-position:center center; background-size:cover; background-repeat:no-repeat; background-color:rgba(255, 255, 255, 0); '><\/div>\n<div id='sample_slider_slide02' class='sa_hover_container' style='padding:5% 5%; margin:0px 2%; background-image:url(&quot;https:\/\/www.multisac.fr\/wp-content\/uploads\/2019\/07\/1F1A1723.jpg&quot;); background-position:right center; background-size:cover; background-repeat:no-repeat; background-color:rgba(255, 255, 255, 0); '><\/div>\n<div id='sample_slider_slide05' class='sa_hover_container' style='padding:5% 5%; margin:0px 2%; background-image:url(&quot;https:\/\/www.multisac.fr\/wp-content\/uploads\/2019\/07\/1F1A1721.jpg&quot;); background-position:right center; background-size:cover; background-repeat:no-repeat; '><\/div>\n<div id='sample_slider_slide01' class='sa_hover_container' style='padding:5% 5%; margin:0px 2%; background-image:url(&quot;https:\/\/www.multisac.fr\/wp-content\/uploads\/2019\/07\/1F1A1698.jpg&quot;); background-position:center center; background-size:cover; background-repeat:no-repeat; background-color:rgba(255, 255, 255, 0); '><\/div>\n<\/div>\n<\/div>\n<script type='text\/javascript'>\n\tjQuery(document).ready(function() {\n\t\tjQuery('#sample_slider').owlCarousel({\n\t\t\tresponsive:{\n\t\t\t\t0:{ items:1 },\n\t\t\t\t480:{ items:2 },\n\t\t\t\t768:{ items:2 },\n\t\t\t\t980:{ items:2 },\n\t\t\t\t1200:{ items:2 },\n\t\t\t\t1500:{ items:2 }\n\t\t\t},\n\t\t\tautoplay : true,\n\t\t\tautoplayTimeout : 4000,\n\t\t\tautoplayHoverPause : true,\n\t\t\tsmartSpeed : 300,\n\t\t\tfluidSpeed : 300,\n\t\t\tautoplaySpeed : 300,\n\t\t\tnavSpeed : 300,\n\t\t\tdotsSpeed : 300,\n\t\t\tloop : true,\n\t\t\tnav : true,\n\t\t\tnavText : ['Previous','Next'],\n\t\t\tdots : false,\n\t\t\tresponsiveRefreshRate : 200,\n\t\t\tslideBy : 1,\n\t\t\tmergeFit : true,\n\t\t\tautoHeight : false,\n\t\t\tmouseDrag : false,\n\t\t\ttouchDrag : true\n\t\t});\n\t\tjQuery('#sample_slider').css('visibility', 'visible');\n\t\tsa_resize_sample_slider();\n\t\twindow.addEventListener('resize', sa_resize_sample_slider);\n\t\tfunction sa_resize_sample_slider() {\n\t\t\tvar min_height = '50';\n\t\t\tvar win_width = jQuery(window).width();\n\t\t\tvar slider_width = jQuery('#sample_slider').width();\n\t\t\tif (win_width < 480) {\n\t\t\t\tvar slide_width = slider_width \/ 1;\n\t\t\t} else if (win_width < 768) {\n\t\t\t\tvar slide_width = slider_width \/ 2;\n\t\t\t} else if (win_width < 980) {\n\t\t\t\tvar slide_width = slider_width \/ 2;\n\t\t\t} else if (win_width < 1200) {\n\t\t\t\tvar slide_width = slider_width \/ 2;\n\t\t\t} else if (win_width < 1500) {\n\t\t\t\tvar slide_width = slider_width \/ 2;\n\t\t\t} else {\n\t\t\t\tvar slide_width = slider_width \/ 2;\n\t\t\t}\n\t\t\tslide_width = Math.round(slide_width);\n\t\t\tvar slide_height = '0';\n\t\t\tif (min_height == 'aspect43') {\n\t\t\t\tslide_height = (slide_width \/ 4) * 3;\t\t\t\tslide_height = Math.round(slide_height);\n\t\t\t} else if (min_height == 'aspect169') {\n\t\t\t\tslide_height = (slide_width \/ 16) * 9;\t\t\t\tslide_height = Math.round(slide_height);\n\t\t\t} else {\n\t\t\t\tslide_height = (slide_width \/ 100) * min_height;\t\t\t\tslide_height = Math.round(slide_height);\n\t\t\t}\n\t\t\tjQuery('#sample_slider .owl-item .sa_hover_container').css('min-height', slide_height+'px');\n\t\t}\n\t\tvar owl_goto = jQuery('#sample_slider');\n\t\tjQuery('.sample_slider_goto1').click(function(event){\n\t\t\towl_goto.trigger('to.owl.carousel', 0);\n\t\t});\n\t\tjQuery('.sample_slider_goto2').click(function(event){\n\t\t\towl_goto.trigger('to.owl.carousel', 1);\n\t\t});\n\t\tjQuery('.sample_slider_goto3').click(function(event){\n\t\t\towl_goto.trigger('to.owl.carousel', 2);\n\t\t});\n\t\tjQuery('.sample_slider_goto4').click(function(event){\n\t\t\towl_goto.trigger('to.owl.carousel', 3);\n\t\t});\n\t\tjQuery('.sample_slider_goto5').click(function(event){\n\t\t\towl_goto.trigger('to.owl.carousel', 4);\n\t\t});\n\t\tvar resize_28 = jQuery('.owl-carousel');\n\t\tresize_28.on('initialized.owl.carousel', function(e) {\n\t\t\tif (typeof(Event) === 'function') {\n\t\t\t\twindow.dispatchEvent(new Event('resize'));\n\t\t\t} else {\n\t\t\t\tvar evt = window.document.createEvent('UIEvents');\n\t\t\t\tevt.initUIEvent('resize', true, false, window, 0);\n\t\t\t\twindow.dispatchEvent(evt);\n\t\t\t}\n\t\t});\n\t});\n<\/script>\n\n<\/div>\n<\/div><\/div><\/div><\/div><\/div><\/div>","protected":false},"excerpt":{"rendered":"<p>Quality Films are inspected by us upon their reception and then throughout all printing and transformation operations, thus guaranteeing food packaging is healthy and safe and complies with regulations and food safety standards. &nbsp; Environment The reduction of MULTISAC&#8217;s environmental impact has been valued since 2013 by obtaining the IMPRIM\u2019VERT label, a benchmark in the [&hellip;]<\/p>\n","protected":false},"author":1,"featured_media":0,"parent":0,"menu_order":0,"comment_status":"closed","ping_status":"closed","template":"","meta":{"footnotes":""},"yoast_head":"<!-- This site is optimized with the Yoast SEO plugin v22.9 - https:\/\/yoast.com\/wordpress\/plugins\/seo\/ -->\n<title>Qualit\u00e9 - MultiSac - Flexible Packaging<\/title>\n<meta name=\"description\" content=\"Les films sont contr\u00f4l\u00e9s d\u00e8s r\u00e9ception puis de l\u2019impression aux op\u00e9rations de transformation, nous effectuons tous les contr\u00f4les n\u00e9cessaires \u00e0 la qualit\u00e9\" \/>\n<meta name=\"robots\" content=\"index, follow, max-snippet:-1, max-image-preview:large, max-video-preview:-1\" \/>\n<link rel=\"canonical\" href=\"https:\/\/www.multisac.fr\/en\/qualite\/\" \/>\n<meta property=\"og:locale\" content=\"en_US\" \/>\n<meta property=\"og:type\" content=\"article\" \/>\n<meta property=\"og:title\" content=\"Qualit\u00e9 - MultiSac - Flexible Packaging\" \/>\n<meta property=\"og:description\" content=\"Les films sont contr\u00f4l\u00e9s d\u00e8s r\u00e9ception puis de l\u2019impression aux op\u00e9rations de transformation, nous effectuons tous les contr\u00f4les n\u00e9cessaires \u00e0 la qualit\u00e9\" \/>\n<meta property=\"og:url\" content=\"https:\/\/www.multisac.fr\/en\/qualite\/\" \/>\n<meta property=\"og:site_name\" content=\"MultiSac\" \/>\n<meta property=\"article:modified_time\" content=\"2020-02-13T16:43:20+00:00\" \/>\n<meta property=\"og:image\" content=\"https:\/\/www.multisac.fr\/wp-content\/uploads\/2020\/02\/BRC_Logo-b-300x226.jpeg\" \/>\n<meta name=\"twitter:card\" content=\"summary_large_image\" \/>\n<script type=\"application\/ld+json\" class=\"yoast-schema-graph\">{\"@context\":\"https:\/\/schema.org\",\"@graph\":[{\"@type\":\"WebPage\",\"@id\":\"https:\/\/www.multisac.fr\/en\/qualite\/\",\"url\":\"https:\/\/www.multisac.fr\/en\/qualite\/\",\"name\":\"Qualit\u00e9 - MultiSac - Flexible Packaging\",\"isPartOf\":{\"@id\":\"https:\/\/www.multisac.fr\/en\/#website\"},\"primaryImageOfPage\":{\"@id\":\"https:\/\/www.multisac.fr\/en\/qualite\/#primaryimage\"},\"image\":{\"@id\":\"https:\/\/www.multisac.fr\/en\/qualite\/#primaryimage\"},\"thumbnailUrl\":\"https:\/\/www.multisac.fr\/wp-content\/uploads\/2020\/02\/BRC_Logo-b-300x226.jpeg\",\"datePublished\":\"2019-07-04T12:16:37+00:00\",\"dateModified\":\"2020-02-13T16:43:20+00:00\",\"description\":\"Les films sont contr\u00f4l\u00e9s d\u00e8s r\u00e9ception puis de l\u2019impression aux op\u00e9rations de transformation, nous effectuons tous les contr\u00f4les n\u00e9cessaires \u00e0 la qualit\u00e9\",\"breadcrumb\":{\"@id\":\"https:\/\/www.multisac.fr\/en\/qualite\/#breadcrumb\"},\"inLanguage\":\"en-US\",\"potentialAction\":[{\"@type\":\"ReadAction\",\"target\":[\"https:\/\/www.multisac.fr\/en\/qualite\/\"]}]},{\"@type\":\"ImageObject\",\"inLanguage\":\"en-US\",\"@id\":\"https:\/\/www.multisac.fr\/en\/qualite\/#primaryimage\",\"url\":\"https:\/\/www.multisac.fr\/wp-content\/uploads\/2020\/02\/BRC_Logo-b-300x226.jpeg\",\"contentUrl\":\"https:\/\/www.multisac.fr\/wp-content\/uploads\/2020\/02\/BRC_Logo-b-300x226.jpeg\"},{\"@type\":\"BreadcrumbList\",\"@id\":\"https:\/\/www.multisac.fr\/en\/qualite\/#breadcrumb\",\"itemListElement\":[{\"@type\":\"ListItem\",\"position\":1,\"name\":\"Home\",\"item\":\"https:\/\/www.multisac.fr\/en\/\"},{\"@type\":\"ListItem\",\"position\":2,\"name\":\"Quality\"}]},{\"@type\":\"WebSite\",\"@id\":\"https:\/\/www.multisac.fr\/en\/#website\",\"url\":\"https:\/\/www.multisac.fr\/en\/\",\"name\":\"MultiSac\",\"description\":\"Flexible Packaging\",\"publisher\":{\"@id\":\"https:\/\/www.multisac.fr\/en\/#organization\"},\"potentialAction\":[{\"@type\":\"SearchAction\",\"target\":{\"@type\":\"EntryPoint\",\"urlTemplate\":\"https:\/\/www.multisac.fr\/en\/?s={search_term_string}\"},\"query-input\":\"required name=search_term_string\"}],\"inLanguage\":\"en-US\"},{\"@type\":\"Organization\",\"@id\":\"https:\/\/www.multisac.fr\/en\/#organization\",\"name\":\"Multisac\",\"url\":\"https:\/\/www.multisac.fr\/en\/\",\"logo\":{\"@type\":\"ImageObject\",\"inLanguage\":\"en-US\",\"@id\":\"https:\/\/www.multisac.fr\/en\/#\/schema\/logo\/image\/\",\"url\":\"https:\/\/www.multisac.fr\/wp-content\/uploads\/2019\/07\/logo.png\",\"contentUrl\":\"https:\/\/www.multisac.fr\/wp-content\/uploads\/2019\/07\/logo.png\",\"width\":400,\"height\":449,\"caption\":\"Multisac\"},\"image\":{\"@id\":\"https:\/\/www.multisac.fr\/en\/#\/schema\/logo\/image\/\"}}]}<\/script>\n<!-- \/ Yoast SEO plugin. -->","yoast_head_json":{"title":"Qualit\u00e9 - MultiSac - Flexible Packaging","description":"Les films sont contr\u00f4l\u00e9s d\u00e8s r\u00e9ception puis de l\u2019impression aux op\u00e9rations de transformation, nous effectuons tous les contr\u00f4les n\u00e9cessaires \u00e0 la qualit\u00e9","robots":{"index":"index","follow":"follow","max-snippet":"max-snippet:-1","max-image-preview":"max-image-preview:large","max-video-preview":"max-video-preview:-1"},"canonical":"https:\/\/www.multisac.fr\/en\/qualite\/","og_locale":"en_US","og_type":"article","og_title":"Qualit\u00e9 - MultiSac - Flexible Packaging","og_description":"Les films sont contr\u00f4l\u00e9s d\u00e8s r\u00e9ception puis de l\u2019impression aux op\u00e9rations de transformation, nous effectuons tous les contr\u00f4les n\u00e9cessaires \u00e0 la qualit\u00e9","og_url":"https:\/\/www.multisac.fr\/en\/qualite\/","og_site_name":"MultiSac","article_modified_time":"2020-02-13T16:43:20+00:00","og_image":[{"url":"https:\/\/www.multisac.fr\/wp-content\/uploads\/2020\/02\/BRC_Logo-b-300x226.jpeg"}],"twitter_card":"summary_large_image","schema":{"@context":"https:\/\/schema.org","@graph":[{"@type":"WebPage","@id":"https:\/\/www.multisac.fr\/en\/qualite\/","url":"https:\/\/www.multisac.fr\/en\/qualite\/","name":"Qualit\u00e9 - MultiSac - Flexible Packaging","isPartOf":{"@id":"https:\/\/www.multisac.fr\/en\/#website"},"primaryImageOfPage":{"@id":"https:\/\/www.multisac.fr\/en\/qualite\/#primaryimage"},"image":{"@id":"https:\/\/www.multisac.fr\/en\/qualite\/#primaryimage"},"thumbnailUrl":"https:\/\/www.multisac.fr\/wp-content\/uploads\/2020\/02\/BRC_Logo-b-300x226.jpeg","datePublished":"2019-07-04T12:16:37+00:00","dateModified":"2020-02-13T16:43:20+00:00","description":"Les films sont contr\u00f4l\u00e9s d\u00e8s r\u00e9ception puis de l\u2019impression aux op\u00e9rations de transformation, nous effectuons tous les contr\u00f4les n\u00e9cessaires \u00e0 la qualit\u00e9","breadcrumb":{"@id":"https:\/\/www.multisac.fr\/en\/qualite\/#breadcrumb"},"inLanguage":"en-US","potentialAction":[{"@type":"ReadAction","target":["https:\/\/www.multisac.fr\/en\/qualite\/"]}]},{"@type":"ImageObject","inLanguage":"en-US","@id":"https:\/\/www.multisac.fr\/en\/qualite\/#primaryimage","url":"https:\/\/www.multisac.fr\/wp-content\/uploads\/2020\/02\/BRC_Logo-b-300x226.jpeg","contentUrl":"https:\/\/www.multisac.fr\/wp-content\/uploads\/2020\/02\/BRC_Logo-b-300x226.jpeg"},{"@type":"BreadcrumbList","@id":"https:\/\/www.multisac.fr\/en\/qualite\/#breadcrumb","itemListElement":[{"@type":"ListItem","position":1,"name":"Home","item":"https:\/\/www.multisac.fr\/en\/"},{"@type":"ListItem","position":2,"name":"Quality"}]},{"@type":"WebSite","@id":"https:\/\/www.multisac.fr\/en\/#website","url":"https:\/\/www.multisac.fr\/en\/","name":"MultiSac","description":"Flexible Packaging","publisher":{"@id":"https:\/\/www.multisac.fr\/en\/#organization"},"potentialAction":[{"@type":"SearchAction","target":{"@type":"EntryPoint","urlTemplate":"https:\/\/www.multisac.fr\/en\/?s={search_term_string}"},"query-input":"required name=search_term_string"}],"inLanguage":"en-US"},{"@type":"Organization","@id":"https:\/\/www.multisac.fr\/en\/#organization","name":"Multisac","url":"https:\/\/www.multisac.fr\/en\/","logo":{"@type":"ImageObject","inLanguage":"en-US","@id":"https:\/\/www.multisac.fr\/en\/#\/schema\/logo\/image\/","url":"https:\/\/www.multisac.fr\/wp-content\/uploads\/2019\/07\/logo.png","contentUrl":"https:\/\/www.multisac.fr\/wp-content\/uploads\/2019\/07\/logo.png","width":400,"height":449,"caption":"Multisac"},"image":{"@id":"https:\/\/www.multisac.fr\/en\/#\/schema\/logo\/image\/"}}]}},"_links":{"self":[{"href":"https:\/\/www.multisac.fr\/en\/wp-json\/wp\/v2\/pages\/414"}],"collection":[{"href":"https:\/\/www.multisac.fr\/en\/wp-json\/wp\/v2\/pages"}],"about":[{"href":"https:\/\/www.multisac.fr\/en\/wp-json\/wp\/v2\/types\/page"}],"author":[{"embeddable":true,"href":"https:\/\/www.multisac.fr\/en\/wp-json\/wp\/v2\/users\/1"}],"replies":[{"embeddable":true,"href":"https:\/\/www.multisac.fr\/en\/wp-json\/wp\/v2\/comments?post=414"}],"version-history":[{"count":8,"href":"https:\/\/www.multisac.fr\/en\/wp-json\/wp\/v2\/pages\/414\/revisions"}],"predecessor-version":[{"id":550,"href":"https:\/\/www.multisac.fr\/en\/wp-json\/wp\/v2\/pages\/414\/revisions\/550"}],"wp:attachment":[{"href":"https:\/\/www.multisac.fr\/en\/wp-json\/wp\/v2\/media?parent=414"}],"curies":[{"name":"wp","href":"https:\/\/api.w.org\/{rel}","templated":true}]}}