{"id":401,"date":"2020-01-08T09:32:50","date_gmt":"2020-01-08T08:32:50","guid":{"rendered":"https:\/\/www.multisac.fr\/?page_id=401"},"modified":"2020-01-08T09:32:50","modified_gmt":"2020-01-08T08:32:50","slug":"complexage","status":"publish","type":"page","link":"https:\/\/www.multisac.fr\/en\/complexage\/","title":{"rendered":"Lamination"},"content":{"rendered":"<div id=\"pl-401\"  class=\"panel-layout\" ><div id=\"pg-401-0\"  class=\"panel-grid panel-has-style\" ><div class=\"container_page  panel-row-style panel-row-style-for-401-0\" ><div id=\"pgc-401-0-0\"  class=\"panel-grid-cell\" ><div id=\"panel-401-0-0-0\" class=\"so-panel widget widget_sow-editor panel-first-child\" data-index=\"0\" ><div class=\"en_savoir_plus panel-widget-style panel-widget-style-for-401-0-0-0\" ><div\n\t\t\t\n\t\t\tclass=\"so-widget-sow-editor so-widget-sow-editor-base\"\n\t\t\t\n\t\t>\n<div class=\"siteorigin-widget-tinymce textwidget\">\n\t<h2>Lamination<\/h2>\n<p>With lamination, the characteristics of each component add up to reinforce the mechanical properties of the packaging: waterproofness, shelf-life, resistance, barrier to gases\/aromas\/light\/water vapour. Lamination also enables to avoid the migration of inks towards the contents.<br \/>\n<br \/>\nMULTISAC specialises in lamination and in all the operations that enable to obtain flexible packaging that is totally faithful to the expected characteristics. Lamination requires cutting-edge equipment to ascertain optimum quality.<br \/>\n<br \/>\nLamination is a delicate process requiring close supervision throughout, and our highly qualified and experienced operators constantly inspect manufacturing criteria (resistance, colourimetry\u2026) to ascertain they comply with specifications.<br \/>\n<br \/>\nMULTISAC produces laminates for large national or international brands in the food, pharmaceutical, cleaning industries.\u2026<\/p>\n<\/div>\n<\/div><\/div><\/div><div id=\"panel-401-0-0-1\" class=\"so-panel widget widget_sow-editor panel-last-child\" data-index=\"1\" ><div\n\t\t\t\n\t\t\tclass=\"so-widget-sow-editor so-widget-sow-editor-base\"\n\t\t\t\n\t\t>\n<div class=\"siteorigin-widget-tinymce textwidget\">\n\t<div class='white' style='background:rgba(255, 255, 255, 0); border:solid 0px rgba(255, 255, 255, 0); border-radius:0px; padding:8px 8px 8px 8px;'>\n<div id='sample_slider' class='owl-carousel sa_owl_theme ' data-slider-id='sample_slider' style='visibility:hidden;'>\n<div id='sample_slider_slide08' class='sa_hover_container' style='padding:5% 5%; margin:0px 2%; background-image:url(&quot;https:\/\/www.multisac.fr\/wp-content\/uploads\/2019\/07\/1F1A1101-1.jpg&quot;); background-position:left top; background-size:cover; background-repeat:no-repeat; '><\/div>\n<div id='sample_slider_slide09' class='sa_hover_container' style='padding:5% 5%; margin:0px 2%; background-image:url(&quot;https:\/\/www.multisac.fr\/wp-content\/uploads\/2019\/07\/1F1A1115-1.jpg&quot;); background-position:left top; background-size:cover; background-repeat:no-repeat; '><\/div>\n<div id='sample_slider_slide06' class='sa_hover_container' style='padding:5% 5%; margin:0px 2%; background-image:url(&quot;https:\/\/www.multisac.fr\/wp-content\/uploads\/2019\/07\/1F1A1074-1.jpg&quot;); background-position:center center; background-size:cover; background-repeat:no-repeat; '><\/div>\n<div id='sample_slider_slide02' class='sa_hover_container' style='padding:5% 5%; margin:0px 2%; background-image:url(&quot;https:\/\/www.multisac.fr\/wp-content\/uploads\/2019\/07\/1F1A1021-2.jpg&quot;); background-position:center center; background-size:cover; background-repeat:no-repeat; background-color:rgba(255, 255, 255, 0); '><\/div>\n<div id='sample_slider_slide04' class='sa_hover_container' style='padding:5% 5%; margin:0px 2%; background-image:url(&quot;https:\/\/www.multisac.fr\/wp-content\/uploads\/2019\/07\/1F1A1048-2.jpg&quot;); background-position:center center; background-size:cover; background-repeat:no-repeat; '><\/div>\n<div id='sample_slider_slide07' class='sa_hover_container' style='padding:5% 5%; margin:0px 2%; background-image:url(&quot;https:\/\/www.multisac.fr\/wp-content\/uploads\/2019\/07\/1F1A1078-1.jpg&quot;); background-position:center center; background-size:cover; background-repeat:no-repeat; '><\/div>\n<div id='sample_slider_slide05' class='sa_hover_container' style='padding:5% 5%; margin:0px 2%; background-image:url(&quot;https:\/\/www.multisac.fr\/wp-content\/uploads\/2019\/07\/1F1A1065-2.jpg&quot;); background-position:center bottom; background-size:cover; background-repeat:no-repeat; '><\/div>\n<div id='sample_slider_slide01' class='sa_hover_container' style='padding:5% 5%; margin:0px 2%; background-image:url(&quot;https:\/\/www.multisac.fr\/wp-content\/uploads\/2019\/07\/1F1A1001-2.jpg&quot;); background-position:center center; background-size:cover; background-repeat:no-repeat; background-color:rgba(255, 255, 255, 0); '><\/div>\n<div id='sample_slider_slide03' class='sa_hover_container' style='padding:5% 5%; margin:0px 2%; background-image:url(&quot;https:\/\/www.multisac.fr\/wp-content\/uploads\/2019\/07\/1F1A1033-2.jpg&quot;); background-position:center center; background-size:cover; background-repeat:no-repeat; background-color:rgba(255, 255, 255, 0); '><\/div>\n<\/div>\n<\/div>\n<script type='text\/javascript'>\n\tjQuery(document).ready(function() {\n\t\tjQuery('#sample_slider').owlCarousel({\n\t\t\tresponsive:{\n\t\t\t\t0:{ items:1 },\n\t\t\t\t480:{ items:2 },\n\t\t\t\t768:{ items:2 },\n\t\t\t\t980:{ items:2 },\n\t\t\t\t1200:{ items:2 },\n\t\t\t\t1500:{ items:2 }\n\t\t\t},\n\t\t\tautoplay : true,\n\t\t\tautoplayTimeout : 4000,\n\t\t\tautoplayHoverPause : true,\n\t\t\tsmartSpeed : 300,\n\t\t\tfluidSpeed : 300,\n\t\t\tautoplaySpeed : 300,\n\t\t\tnavSpeed : 300,\n\t\t\tdotsSpeed : 300,\n\t\t\tloop : true,\n\t\t\tnav : true,\n\t\t\tnavText : ['Previous','Next'],\n\t\t\tdots : false,\n\t\t\tresponsiveRefreshRate : 200,\n\t\t\tslideBy : 1,\n\t\t\tmergeFit : true,\n\t\t\tautoHeight : false,\n\t\t\tmouseDrag : false,\n\t\t\ttouchDrag : true\n\t\t});\n\t\tjQuery('#sample_slider').css('visibility', 'visible');\n\t\tsa_resize_sample_slider();\n\t\twindow.addEventListener('resize', sa_resize_sample_slider);\n\t\tfunction sa_resize_sample_slider() {\n\t\t\tvar min_height = '50';\n\t\t\tvar win_width = jQuery(window).width();\n\t\t\tvar slider_width = jQuery('#sample_slider').width();\n\t\t\tif (win_width < 480) {\n\t\t\t\tvar slide_width = slider_width \/ 1;\n\t\t\t} else if (win_width < 768) {\n\t\t\t\tvar slide_width = slider_width \/ 2;\n\t\t\t} else if (win_width < 980) {\n\t\t\t\tvar slide_width = slider_width \/ 2;\n\t\t\t} else if (win_width < 1200) {\n\t\t\t\tvar slide_width = slider_width \/ 2;\n\t\t\t} else if (win_width < 1500) {\n\t\t\t\tvar slide_width = slider_width \/ 2;\n\t\t\t} else {\n\t\t\t\tvar slide_width = slider_width \/ 2;\n\t\t\t}\n\t\t\tslide_width = Math.round(slide_width);\n\t\t\tvar slide_height = '0';\n\t\t\tif (min_height == 'aspect43') {\n\t\t\t\tslide_height = (slide_width \/ 4) * 3;\t\t\t\tslide_height = Math.round(slide_height);\n\t\t\t} else if (min_height == 'aspect169') {\n\t\t\t\tslide_height = (slide_width \/ 16) * 9;\t\t\t\tslide_height = Math.round(slide_height);\n\t\t\t} else {\n\t\t\t\tslide_height = (slide_width \/ 100) * min_height;\t\t\t\tslide_height = Math.round(slide_height);\n\t\t\t}\n\t\t\tjQuery('#sample_slider .owl-item .sa_hover_container').css('min-height', slide_height+'px');\n\t\t}\n\t\tvar owl_goto = jQuery('#sample_slider');\n\t\tjQuery('.sample_slider_goto1').click(function(event){\n\t\t\towl_goto.trigger('to.owl.carousel', 0);\n\t\t});\n\t\tjQuery('.sample_slider_goto2').click(function(event){\n\t\t\towl_goto.trigger('to.owl.carousel', 1);\n\t\t});\n\t\tjQuery('.sample_slider_goto3').click(function(event){\n\t\t\towl_goto.trigger('to.owl.carousel', 2);\n\t\t});\n\t\tjQuery('.sample_slider_goto4').click(function(event){\n\t\t\towl_goto.trigger('to.owl.carousel', 3);\n\t\t});\n\t\tjQuery('.sample_slider_goto5').click(function(event){\n\t\t\towl_goto.trigger('to.owl.carousel', 4);\n\t\t});\n\t\tjQuery('.sample_slider_goto6').click(function(event){\n\t\t\towl_goto.trigger('to.owl.carousel', 5);\n\t\t});\n\t\tjQuery('.sample_slider_goto7').click(function(event){\n\t\t\towl_goto.trigger('to.owl.carousel', 6);\n\t\t});\n\t\tjQuery('.sample_slider_goto8').click(function(event){\n\t\t\towl_goto.trigger('to.owl.carousel', 7);\n\t\t});\n\t\tjQuery('.sample_slider_goto9').click(function(event){\n\t\t\towl_goto.trigger('to.owl.carousel', 8);\n\t\t});\n\t\tvar resize_111 = jQuery('.owl-carousel');\n\t\tresize_111.on('initialized.owl.carousel', function(e) {\n\t\t\tif (typeof(Event) === 'function') {\n\t\t\t\twindow.dispatchEvent(new Event('resize'));\n\t\t\t} else {\n\t\t\t\tvar evt = window.document.createEvent('UIEvents');\n\t\t\t\tevt.initUIEvent('resize', true, false, window, 0);\n\t\t\t\twindow.dispatchEvent(evt);\n\t\t\t}\n\t\t});\n\t});\n<\/script>\n\n<\/div>\n<\/div><\/div><\/div><\/div><\/div><\/div>","protected":false},"excerpt":{"rendered":"<p>Lamination With lamination, the characteristics of each component add up to reinforce the mechanical properties of the packaging: waterproofness, shelf-life, resistance, barrier to gases\/aromas\/light\/water vapour. Lamination also enables to avoid the migration of inks towards the contents. MULTISAC specialises in lamination and in all the operations that enable to obtain flexible packaging that is totally [&hellip;]<\/p>\n","protected":false},"author":1,"featured_media":0,"parent":0,"menu_order":0,"comment_status":"closed","ping_status":"closed","template":"","meta":{"footnotes":""},"yoast_head":"<!-- This site is optimized with the Yoast SEO plugin v22.9 - https:\/\/yoast.com\/wordpress\/plugins\/seo\/ -->\n<title>Complexage - MultiSac - Flexible Packaging<\/title>\n<meta name=\"description\" content=\"Avec le complexage, les fonctionnalit\u00e9s de chaque composant s\u2019additionnent pour renforcer les caract\u00e9ristiques m\u00e9caniques du packaging : \u00e9tanch\u00e9it\u00e9...\" \/>\n<meta name=\"robots\" content=\"index, follow, max-snippet:-1, max-image-preview:large, max-video-preview:-1\" \/>\n<link rel=\"canonical\" href=\"https:\/\/www.multisac.fr\/en\/complexage\/\" \/>\n<meta property=\"og:locale\" content=\"en_US\" \/>\n<meta property=\"og:type\" content=\"article\" \/>\n<meta property=\"og:title\" content=\"Complexage - MultiSac - Flexible Packaging\" \/>\n<meta property=\"og:description\" content=\"Avec le complexage, les fonctionnalit\u00e9s de chaque composant s\u2019additionnent pour renforcer les caract\u00e9ristiques m\u00e9caniques du packaging : \u00e9tanch\u00e9it\u00e9...\" \/>\n<meta property=\"og:url\" content=\"https:\/\/www.multisac.fr\/en\/complexage\/\" \/>\n<meta property=\"og:site_name\" content=\"MultiSac\" \/>\n<meta name=\"twitter:card\" content=\"summary_large_image\" \/>\n<meta name=\"twitter:label1\" content=\"Est. reading time\" \/>\n\t<meta name=\"twitter:data1\" content=\"1 minute\" \/>\n<script type=\"application\/ld+json\" class=\"yoast-schema-graph\">{\"@context\":\"https:\/\/schema.org\",\"@graph\":[{\"@type\":\"WebPage\",\"@id\":\"https:\/\/www.multisac.fr\/en\/complexage\/\",\"url\":\"https:\/\/www.multisac.fr\/en\/complexage\/\",\"name\":\"Complexage - MultiSac - Flexible Packaging\",\"isPartOf\":{\"@id\":\"https:\/\/www.multisac.fr\/en\/#website\"},\"datePublished\":\"2020-01-08T08:32:50+00:00\",\"dateModified\":\"2020-01-08T08:32:50+00:00\",\"description\":\"Avec le complexage, les fonctionnalit\u00e9s de chaque composant s\u2019additionnent pour renforcer les caract\u00e9ristiques m\u00e9caniques du packaging : \u00e9tanch\u00e9it\u00e9...\",\"breadcrumb\":{\"@id\":\"https:\/\/www.multisac.fr\/en\/complexage\/#breadcrumb\"},\"inLanguage\":\"en-US\",\"potentialAction\":[{\"@type\":\"ReadAction\",\"target\":[\"https:\/\/www.multisac.fr\/en\/complexage\/\"]}]},{\"@type\":\"BreadcrumbList\",\"@id\":\"https:\/\/www.multisac.fr\/en\/complexage\/#breadcrumb\",\"itemListElement\":[{\"@type\":\"ListItem\",\"position\":1,\"name\":\"Home\",\"item\":\"https:\/\/www.multisac.fr\/en\/\"},{\"@type\":\"ListItem\",\"position\":2,\"name\":\"Lamination\"}]},{\"@type\":\"WebSite\",\"@id\":\"https:\/\/www.multisac.fr\/en\/#website\",\"url\":\"https:\/\/www.multisac.fr\/en\/\",\"name\":\"MultiSac\",\"description\":\"Flexible Packaging\",\"publisher\":{\"@id\":\"https:\/\/www.multisac.fr\/en\/#organization\"},\"potentialAction\":[{\"@type\":\"SearchAction\",\"target\":{\"@type\":\"EntryPoint\",\"urlTemplate\":\"https:\/\/www.multisac.fr\/en\/?s={search_term_string}\"},\"query-input\":\"required name=search_term_string\"}],\"inLanguage\":\"en-US\"},{\"@type\":\"Organization\",\"@id\":\"https:\/\/www.multisac.fr\/en\/#organization\",\"name\":\"Multisac\",\"url\":\"https:\/\/www.multisac.fr\/en\/\",\"logo\":{\"@type\":\"ImageObject\",\"inLanguage\":\"en-US\",\"@id\":\"https:\/\/www.multisac.fr\/en\/#\/schema\/logo\/image\/\",\"url\":\"https:\/\/www.multisac.fr\/wp-content\/uploads\/2019\/07\/logo.png\",\"contentUrl\":\"https:\/\/www.multisac.fr\/wp-content\/uploads\/2019\/07\/logo.png\",\"width\":400,\"height\":449,\"caption\":\"Multisac\"},\"image\":{\"@id\":\"https:\/\/www.multisac.fr\/en\/#\/schema\/logo\/image\/\"}}]}<\/script>\n<!-- \/ Yoast SEO plugin. -->","yoast_head_json":{"title":"Complexage - MultiSac - Flexible Packaging","description":"Avec le complexage, les fonctionnalit\u00e9s de chaque composant s\u2019additionnent pour renforcer les caract\u00e9ristiques m\u00e9caniques du packaging : \u00e9tanch\u00e9it\u00e9...","robots":{"index":"index","follow":"follow","max-snippet":"max-snippet:-1","max-image-preview":"max-image-preview:large","max-video-preview":"max-video-preview:-1"},"canonical":"https:\/\/www.multisac.fr\/en\/complexage\/","og_locale":"en_US","og_type":"article","og_title":"Complexage - MultiSac - Flexible Packaging","og_description":"Avec le complexage, les fonctionnalit\u00e9s de chaque composant s\u2019additionnent pour renforcer les caract\u00e9ristiques m\u00e9caniques du packaging : \u00e9tanch\u00e9it\u00e9...","og_url":"https:\/\/www.multisac.fr\/en\/complexage\/","og_site_name":"MultiSac","twitter_card":"summary_large_image","twitter_misc":{"Est. reading time":"1 minute"},"schema":{"@context":"https:\/\/schema.org","@graph":[{"@type":"WebPage","@id":"https:\/\/www.multisac.fr\/en\/complexage\/","url":"https:\/\/www.multisac.fr\/en\/complexage\/","name":"Complexage - MultiSac - Flexible Packaging","isPartOf":{"@id":"https:\/\/www.multisac.fr\/en\/#website"},"datePublished":"2020-01-08T08:32:50+00:00","dateModified":"2020-01-08T08:32:50+00:00","description":"Avec le complexage, les fonctionnalit\u00e9s de chaque composant s\u2019additionnent pour renforcer les caract\u00e9ristiques m\u00e9caniques du packaging : \u00e9tanch\u00e9it\u00e9...","breadcrumb":{"@id":"https:\/\/www.multisac.fr\/en\/complexage\/#breadcrumb"},"inLanguage":"en-US","potentialAction":[{"@type":"ReadAction","target":["https:\/\/www.multisac.fr\/en\/complexage\/"]}]},{"@type":"BreadcrumbList","@id":"https:\/\/www.multisac.fr\/en\/complexage\/#breadcrumb","itemListElement":[{"@type":"ListItem","position":1,"name":"Home","item":"https:\/\/www.multisac.fr\/en\/"},{"@type":"ListItem","position":2,"name":"Lamination"}]},{"@type":"WebSite","@id":"https:\/\/www.multisac.fr\/en\/#website","url":"https:\/\/www.multisac.fr\/en\/","name":"MultiSac","description":"Flexible Packaging","publisher":{"@id":"https:\/\/www.multisac.fr\/en\/#organization"},"potentialAction":[{"@type":"SearchAction","target":{"@type":"EntryPoint","urlTemplate":"https:\/\/www.multisac.fr\/en\/?s={search_term_string}"},"query-input":"required name=search_term_string"}],"inLanguage":"en-US"},{"@type":"Organization","@id":"https:\/\/www.multisac.fr\/en\/#organization","name":"Multisac","url":"https:\/\/www.multisac.fr\/en\/","logo":{"@type":"ImageObject","inLanguage":"en-US","@id":"https:\/\/www.multisac.fr\/en\/#\/schema\/logo\/image\/","url":"https:\/\/www.multisac.fr\/wp-content\/uploads\/2019\/07\/logo.png","contentUrl":"https:\/\/www.multisac.fr\/wp-content\/uploads\/2019\/07\/logo.png","width":400,"height":449,"caption":"Multisac"},"image":{"@id":"https:\/\/www.multisac.fr\/en\/#\/schema\/logo\/image\/"}}]}},"_links":{"self":[{"href":"https:\/\/www.multisac.fr\/en\/wp-json\/wp\/v2\/pages\/401"}],"collection":[{"href":"https:\/\/www.multisac.fr\/en\/wp-json\/wp\/v2\/pages"}],"about":[{"href":"https:\/\/www.multisac.fr\/en\/wp-json\/wp\/v2\/types\/page"}],"author":[{"embeddable":true,"href":"https:\/\/www.multisac.fr\/en\/wp-json\/wp\/v2\/users\/1"}],"replies":[{"embeddable":true,"href":"https:\/\/www.multisac.fr\/en\/wp-json\/wp\/v2\/comments?post=401"}],"version-history":[{"count":2,"href":"https:\/\/www.multisac.fr\/en\/wp-json\/wp\/v2\/pages\/401\/revisions"}],"predecessor-version":[{"id":403,"href":"https:\/\/www.multisac.fr\/en\/wp-json\/wp\/v2\/pages\/401\/revisions\/403"}],"wp:attachment":[{"href":"https:\/\/www.multisac.fr\/en\/wp-json\/wp\/v2\/media?parent=401"}],"curies":[{"name":"wp","href":"https:\/\/api.w.org\/{rel}","templated":true}]}}